{"id":2,"date":"2025-12-21T20:44:24","date_gmt":"2025-12-21T20:44:24","guid":{"rendered":"http:\/\/alandalus-lagny77.fr\/?page_id=2"},"modified":"2025-12-21T22:24:42","modified_gmt":"2025-12-21T22:24:42","slug":"sample-page","status":"publish","type":"page","link":"https:\/\/alandalus-lagny77.fr\/","title":{"rendered":"Association Al-Andalus Lagny-sur-Marne"},"content":{"rendered":"\n<p>Assalam alykom chers fr\u00e8res et s\u0153urs.<\/p>\n\n\n\n<p>Le pr\u00e9sent site est en cours de construction. Actuellement, nous mettons que quelques informations. Inch&#8217;Allah plus de contenu sera disponible prochainement.<\/p>\n\n\n\n<p>Vous trouverez les horaires des pri\u00e8res sur mawaqit ici:<\/p>\n\n\n\n\n<p><iframe src=\"\/\/mawaqit.net\/fr\/w\/mosquee-de-lagny-sur-marne-lagny-sur-marne-77400-france?showOnly5PrayerTimes=0\" frameborder=\"0\" scrolling=\"no\" class=\"widget\"><\/iframe><\/p>\n\n\n<figure class=\"wp-block-image size-full\"><img loading=\"lazy\" decoding=\"async\" width=\"971\" height=\"731\" src=\"https:\/\/alandalus-lagny77.fr\/wp-content\/uploads\/2025\/12\/Screenshot_2025-12-21-22-42-57-94_40deb401b9ffe8e1df2f1cc5ba480b12.jpg\" alt=\"\" class=\"wp-image-8\" srcset=\"https:\/\/alandalus-lagny77.fr\/wp-content\/uploads\/2025\/12\/Screenshot_2025-12-21-22-42-57-94_40deb401b9ffe8e1df2f1cc5ba480b12.jpg 971w, https:\/\/alandalus-lagny77.fr\/wp-content\/uploads\/2025\/12\/Screenshot_2025-12-21-22-42-57-94_40deb401b9ffe8e1df2f1cc5ba480b12-300x226.jpg 300w, https:\/\/alandalus-lagny77.fr\/wp-content\/uploads\/2025\/12\/Screenshot_2025-12-21-22-42-57-94_40deb401b9ffe8e1df2f1cc5ba480b12-768x578.jpg 768w\" sizes=\"auto, (max-width: 971px) 100vw, 971px\" \/><\/figure>\n\n\n\n<blockquote class=\"wp-block-quote is-layout-flow wp-block-quote-is-layout-flow\">\n<p>N&#8217;h\u00e9sitez pas \u00e0 nous aider \u00e0 bien g\u00e9rer notre mosqu\u00e9e, en utilisant ce Qr-code:<\/p>\n\n\n\n<figure class=\"wp-block-image size-large\"><img loading=\"lazy\" decoding=\"async\" width=\"809\" height=\"1024\" src=\"https:\/\/alandalus-lagny77.fr\/wp-content\/uploads\/2025\/12\/IMG-20250822-WA0004-809x1024.jpg\" alt=\"\" class=\"wp-image-9\" srcset=\"https:\/\/alandalus-lagny77.fr\/wp-content\/uploads\/2025\/12\/IMG-20250822-WA0004-809x1024.jpg 809w, https:\/\/alandalus-lagny77.fr\/wp-content\/uploads\/2025\/12\/IMG-20250822-WA0004-237x300.jpg 237w, https:\/\/alandalus-lagny77.fr\/wp-content\/uploads\/2025\/12\/IMG-20250822-WA0004-768x972.jpg 768w, https:\/\/alandalus-lagny77.fr\/wp-content\/uploads\/2025\/12\/IMG-20250822-WA0004.jpg 1080w\" sizes=\"auto, (max-width: 809px) 100vw, 809px\" \/><\/figure>\n<\/blockquote>\n\n\n\n<p>Nous avons cr\u00e9\u00e9 aussi un groupe WhatsApp pour \u00e9changer avec vous et vous partager l&#8217;actualit\u00e9 de votre mosqu\u00e9e, n&#8217;h\u00e9sitez pas \u00e0 nous joindre :<\/p>\n\n\n\n<figure class=\"wp-block-image size-large\"><img loading=\"lazy\" decoding=\"async\" width=\"576\" height=\"1024\" src=\"https:\/\/alandalus-lagny77.fr\/wp-content\/uploads\/2025\/12\/IMG-20251221-WA0016-576x1024.jpg\" alt=\"\" class=\"wp-image-10\" srcset=\"https:\/\/alandalus-lagny77.fr\/wp-content\/uploads\/2025\/12\/IMG-20251221-WA0016-576x1024.jpg 576w, https:\/\/alandalus-lagny77.fr\/wp-content\/uploads\/2025\/12\/IMG-20251221-WA0016-169x300.jpg 169w, https:\/\/alandalus-lagny77.fr\/wp-content\/uploads\/2025\/12\/IMG-20251221-WA0016-768x1365.jpg 768w, https:\/\/alandalus-lagny77.fr\/wp-content\/uploads\/2025\/12\/IMG-20251221-WA0016-864x1536.jpg 864w, https:\/\/alandalus-lagny77.fr\/wp-content\/uploads\/2025\/12\/IMG-20251221-WA0016.jpg 900w\" sizes=\"auto, (max-width: 576px) 100vw, 576px\" \/><\/figure>\n\n\n\n<p><\/p>\n\n\n\n<p>Vous trouverez aussi des informations dans notre page Facebook :<\/p>\n\n\n\n<p><a href=\"https:\/\/www.facebook.com\/profile.php?id=61585508970556\" data-type=\"page\" data-id=\"2\">Al-Andalus Lagny-sur-Marne<\/a><\/p>\n\n\n\n<p><\/p>\n","protected":false},"excerpt":{"rendered":"<p>Assalam alykom chers fr\u00e8res et s\u0153urs. Le pr\u00e9sent site est en cours de construction. Actuellement, nous mettons que quelques informations. Inch&#8217;Allah plus de contenu sera disponible prochainement. Vous trouverez les horaires des pri\u00e8res sur mawaqit ici: Nous avons cr\u00e9\u00e9 aussi un groupe WhatsApp pour \u00e9changer avec vous et vous partager l&#8217;actualit\u00e9 de votre mosqu\u00e9e, n&#8217;h\u00e9sitez [&hellip;]<\/p>\n","protected":false},"author":1,"featured_media":0,"parent":0,"menu_order":1,"comment_status":"closed","ping_status":"open","template":"","meta":{"footnotes":""},"class_list":["post-2","page","type-page","status-publish","hentry"],"_links":{"self":[{"href":"https:\/\/alandalus-lagny77.fr\/index.php\/wp-json\/wp\/v2\/pages\/2","targetHints":{"allow":["GET"]}}],"collection":[{"href":"https:\/\/alandalus-lagny77.fr\/index.php\/wp-json\/wp\/v2\/pages"}],"about":[{"href":"https:\/\/alandalus-lagny77.fr\/index.php\/wp-json\/wp\/v2\/types\/page"}],"author":[{"embeddable":true,"href":"https:\/\/alandalus-lagny77.fr\/index.php\/wp-json\/wp\/v2\/users\/1"}],"replies":[{"embeddable":true,"href":"https:\/\/alandalus-lagny77.fr\/index.php\/wp-json\/wp\/v2\/comments?post=2"}],"version-history":[{"count":6,"href":"https:\/\/alandalus-lagny77.fr\/index.php\/wp-json\/wp\/v2\/pages\/2\/revisions"}],"predecessor-version":[{"id":18,"href":"https:\/\/alandalus-lagny77.fr\/index.php\/wp-json\/wp\/v2\/pages\/2\/revisions\/18"}],"wp:attachment":[{"href":"https:\/\/alandalus-lagny77.fr\/index.php\/wp-json\/wp\/v2\/media?parent=2"}],"curies":[{"name":"wp","href":"https:\/\/api.w.org\/{rel}","templated":true}]}}